{"id":258,"date":"2021-01-05T23:11:14","date_gmt":"2021-01-05T21:11:14","guid":{"rendered":"http:\/\/karkluidejos.com\/?page_id=258"},"modified":"2021-02-05T13:51:23","modified_gmt":"2021-02-05T11:51:23","slug":"apie-mane","status":"publish","type":"page","link":"https:\/\/karkluidejos.com\/","title":{"rendered":"Pagrindinis"},"content":{"rendered":"\n<p><\/p>\n\n\n\n<div class=\"wp-block-media-text alignwide is-stacked-on-mobile\" style=\"grid-template-columns:24% auto\"><figure class=\"wp-block-media-text__media\"><img loading=\"lazy\" decoding=\"async\" width=\"625\" height=\"1024\" src=\"https:\/\/karkluidejos.com\/wp-content\/uploads\/2021\/02\/20210205_110612-625x1024.jpg\" alt=\"\" class=\"wp-image-508 size-full img-fluid \" srcset=\"https:\/\/karkluidejos.com\/wp-content\/uploads\/2021\/02\/20210205_110612-625x1024.jpg 625w, https:\/\/karkluidejos.com\/wp-content\/uploads\/2021\/02\/20210205_110612-183x300.jpg 183w, https:\/\/karkluidejos.com\/wp-content\/uploads\/2021\/02\/20210205_110612-768x1257.jpg 768w, https:\/\/karkluidejos.com\/wp-content\/uploads\/2021\/02\/20210205_110612-938x1536.jpg 938w, https:\/\/karkluidejos.com\/wp-content\/uploads\/2021\/02\/20210205_110612.jpg 1152w\" sizes=\"auto, (max-width: 625px) 100vw, 625px\" \/><\/figure><div class=\"wp-block-media-text__content\">\n<p class=\"has-black-color has-white-background-color has-text-color has-background has-medium-font-size\">Tarpusavyje persipinantys karklai sukuria nepakartojamas formas. Dvide\u0161imt \u0161e\u0161is metus formuoju karklus, \u012fgyvendindamas u\u017esakovo sumanymus. Lietuvi\u0161kos vytel\u0117s ir ilgamet\u0117 patirtis leid\u017eia sukurti \u012fsp\u016bdingas formas. Karkl\u0173 pintin\u0117 formuojama rankomis, pasitelkiant i\u0161lavint\u0105 vaizduot\u0119 ir ilgamet\u0119 patirt\u012f. Tokiu b\u016bdu pinant karklus atsiveria pla\u010dios galimyb\u0117s.<\/p>\n\n\n\n<p class=\"has-black-color has-white-background-color has-text-color has-background has-medium-font-size\">Jei turite id\u0117j\u0105 \u2013 galiu j\u0105 nupinti. Jei turite sumanym\u0105 \u2013 \u012fgyvendinkime j\u012f drauge!<\/p>\n\n\n\n<p class=\"has-text-align-right has-medium-font-size\">Deividas Dumbliauskas<\/p>\n\n\n\n<p><\/p>\n<\/div><\/div>\n","protected":false},"excerpt":{"rendered":"<p>Tarpusavyje persipinantys karklai sukuria nepakartojamas formas. Dvide\u0161imt \u0161e\u0161is metus formuoju karklus, \u012fgyvendindamas u\u017esakovo sumanymus. Lietuvi\u0161kos vytel\u0117s ir ilgamet\u0117 patirtis leid\u017eia sukurti \u012fsp\u016bdingas formas. Karkl\u0173 pintin\u0117 formuojama rankomis, pasitelkiant i\u0161lavint\u0105 vaizduot\u0119 ir ilgamet\u0119 patirt\u012f. Tokiu b\u016bdu pinant karklus atsiveria pla\u010dios galimyb\u0117s. Jei turite id\u0117j\u0105 \u2013 galiu j\u0105 nupinti. Jei turite sumanym\u0105 \u2013 \u012fgyvendinkime j\u012f drauge! Deividas &hellip; <\/p>\n<p class=\"link-more mt-4\"><a href=\"https:\/\/karkluidejos.com\/\" class=\"more-link mt-3 py-2 px-3 text-uppercase\">Continue reading<span class=\"screen-reader-text\"> &#8222;Pagrindinis&#8221;<\/span><\/a><\/p>\n","protected":false},"author":1,"featured_media":0,"parent":0,"menu_order":0,"comment_status":"closed","ping_status":"closed","template":"","meta":{"ngg_post_thumbnail":0,"footnotes":""},"class_list":["post-258","page","type-page","status-publish","hentry"],"_links":{"self":[{"href":"https:\/\/karkluidejos.com\/index.php\/wp-json\/wp\/v2\/pages\/258","targetHints":{"allow":["GET"]}}],"collection":[{"href":"https:\/\/karkluidejos.com\/index.php\/wp-json\/wp\/v2\/pages"}],"about":[{"href":"https:\/\/karkluidejos.com\/index.php\/wp-json\/wp\/v2\/types\/page"}],"author":[{"embeddable":true,"href":"https:\/\/karkluidejos.com\/index.php\/wp-json\/wp\/v2\/users\/1"}],"replies":[{"embeddable":true,"href":"https:\/\/karkluidejos.com\/index.php\/wp-json\/wp\/v2\/comments?post=258"}],"version-history":[{"count":16,"href":"https:\/\/karkluidejos.com\/index.php\/wp-json\/wp\/v2\/pages\/258\/revisions"}],"predecessor-version":[{"id":510,"href":"https:\/\/karkluidejos.com\/index.php\/wp-json\/wp\/v2\/pages\/258\/revisions\/510"}],"wp:attachment":[{"href":"https:\/\/karkluidejos.com\/index.php\/wp-json\/wp\/v2\/media?parent=258"}],"curies":[{"name":"wp","href":"https:\/\/api.w.org\/{rel}","templated":true}]}}