{"id":231,"date":"2021-01-05T22:46:33","date_gmt":"2021-01-05T20:46:33","guid":{"rendered":"http:\/\/karkluidejos.com\/?page_id=231"},"modified":"2021-02-07T17:40:10","modified_gmt":"2021-02-07T15:40:10","slug":"kontaktai","status":"publish","type":"page","link":"https:\/\/karkluidejos.com\/index.php\/kontaktai\/","title":{"rendered":"Kontaktai"},"content":{"rendered":"\n<p class=\"has-text-align-center has-black-color has-text-color has-large-font-size\">\u012egyvendinkime gimstan\u010dias id\u0117jas kartu! <\/p>\n\n\n\n<div style=\"height:30px\" aria-hidden=\"true\" class=\"wp-block-spacer\"><\/div>\n\n\n\n<p class=\"has-text-align-center has-black-color has-text-color has-medium-font-size\"><strong>KARKL\u0172 ID\u0116JOS<\/strong><\/p>\n\n\n\n<p class=\"has-text-align-center has-black-color has-text-color has-normal-font-size\">Deividas Dumbliauskas<\/p>\n\n\n\n<p class=\"has-text-align-center email-link has-black-color has-text-color has-normal-font-size\"><a rel=\"noreferrer noopener\" href=\"mailto:deividas@karkluidejos.com\" target=\"_blank\">deividas@karkluidejos.com<\/a><\/p>\n\n\n\n<p class=\"phone-link has-text-align-center has-black-color has-text-color has-normal-font-size\"><a class=\"has-text-align-center has-black-color has-text-color has-normal-font-size\" type=\"tel\" href=\"tel:+37067524318\">(8-675) 24318<\/a><\/p>\n","protected":false},"excerpt":{"rendered":"<p>\u012egyvendinkime gimstan\u010dias id\u0117jas kartu! KARKL\u0172 ID\u0116JOS Deividas Dumbliauskas deividas@karkluidejos.com (8-675) 24318<\/p>\n","protected":false},"author":1,"featured_media":0,"parent":0,"menu_order":0,"comment_status":"closed","ping_status":"closed","template":"","meta":{"ngg_post_thumbnail":0,"footnotes":""},"class_list":["post-231","page","type-page","status-publish","hentry"],"_links":{"self":[{"href":"https:\/\/karkluidejos.com\/index.php\/wp-json\/wp\/v2\/pages\/231","targetHints":{"allow":["GET"]}}],"collection":[{"href":"https:\/\/karkluidejos.com\/index.php\/wp-json\/wp\/v2\/pages"}],"about":[{"href":"https:\/\/karkluidejos.com\/index.php\/wp-json\/wp\/v2\/types\/page"}],"author":[{"embeddable":true,"href":"https:\/\/karkluidejos.com\/index.php\/wp-json\/wp\/v2\/users\/1"}],"replies":[{"embeddable":true,"href":"https:\/\/karkluidejos.com\/index.php\/wp-json\/wp\/v2\/comments?post=231"}],"version-history":[{"count":31,"href":"https:\/\/karkluidejos.com\/index.php\/wp-json\/wp\/v2\/pages\/231\/revisions"}],"predecessor-version":[{"id":535,"href":"https:\/\/karkluidejos.com\/index.php\/wp-json\/wp\/v2\/pages\/231\/revisions\/535"}],"wp:attachment":[{"href":"https:\/\/karkluidejos.com\/index.php\/wp-json\/wp\/v2\/media?parent=231"}],"curies":[{"name":"wp","href":"https:\/\/api.w.org\/{rel}","templated":true}]}}